{"id":1091,"date":"2021-06-17T21:41:43","date_gmt":"2021-06-17T21:41:43","guid":{"rendered":"https:\/\/www.uni-bus.com.pl\/rozklad-jazdy\/"},"modified":"2023-05-01T04:11:48","modified_gmt":"2023-05-01T04:11:48","slug":"timetable","status":"publish","type":"page","link":"https:\/\/www.uni-bus.com.pl\/en\/timetable\/","title":{"rendered":"Timetable"},"content":{"rendered":"<div class=\"wpb-content-wrapper\"><p>[vc_row css_animation=&#8221;&#8221; row_type=&#8221;row&#8221; use_row_as_full_screen_section=&#8221;no&#8221; type=&#8221;grid&#8221; angled_section=&#8221;no&#8221; text_align=&#8221;center&#8221; background_image_as_pattern=&#8221;without_pattern&#8221; z_index=&#8221;&#8221; css=&#8221;.vc_custom_1620335423616{padding-top: 60px !important;padding-bottom: 65px !important;}&#8221;][vc_column][vc_row_inner row_type=&#8221;row&#8221; type=&#8221;full_width&#8221; text_align=&#8221;center&#8221; css_animation=&#8221;&#8221;][vc_column_inner]<span data-type=\"normal\" data-hover-icon-color=\"#4ea9db\" class=\"qode_icon_shortcode  q_font_awsome_icon fa-3x pull-center \" style=\" \"><i class=\"qode_icon_font_awesome fa fa-bus qode_icon_element\" style=\"color: #0b4479;\" ><\/i><\/span>[vc_empty_space height=&#8221;20px&#8221;][vc_column_text]<\/p>\n<h2><a href=\"\/en\/timetable-krakow-katowice\">Krakow<span data-type=\"normal\"  class=\"qode_icon_shortcode  q_font_awsome_icon tiny  \" style=\"margin: 0px 2px 0px 8px; \"><i class=\"qode_icon_font_awesome_5 fa5 fa fa-angle-left qode_icon_element\" style=\"\" ><\/i><\/span><span data-type=\"normal\"  class=\"qode_icon_shortcode  q_font_awsome_icon tiny  \" style=\"margin: 0px 8px 0px 2px; \"><i class=\"qode_icon_font_awesome_5 fa5 fa fa-angle-right qode_icon_element\" style=\"\" ><\/i><\/span>Katowice<\/a><\/h2>\n<p><span data-type=\"normal\"  class=\"qode_icon_shortcode  q_font_awsome_icon 5x  \" style=\"margin: 0px 4px 0px 0px; \"><i class=\"qode_icon_font_awesome_5 fa5 fa fa-calendar-alt qode_icon_element\" style=\"\" ><\/i><\/span> <a href=\"\/en\/timetable-krakow-katowice\">View timetable<\/a>[\/vc_column_text][\/vc_column_inner][\/vc_row_inner][\/vc_column][\/vc_row]<\/p>\n<\/div>","protected":false},"excerpt":{"rendered":"<p>[vc_row css_animation=&#8221;&#8221; row_type=&#8221;row&#8221; use_row_as_full_screen_section=&#8221;no&#8221; type=&#8221;grid&#8221; angled_section=&#8221;no&#8221; text_align=&#8221;center&#8221; background_image_as_pattern=&#8221;without_pattern&#8221; z_index=&#8221;&#8221; css=&#8221;.vc_custom_1620335423616{padding-top: 60px !important;padding-bottom: 65px !important;}&#8221;][vc_column][vc_row_inner row_type=&#8221;row&#8221; type=&#8221;full_width&#8221; text_align=&#8221;center&#8221; css_animation=&#8221;&#8221;][vc_column_inner][vc_empty_space height=&#8221;20px&#8221;][vc_column_text] KrakowKatowice View timetable[\/vc_column_text][\/vc_column_inner][\/vc_row_inner][\/vc_column][\/vc_row]<\/p>\n","protected":false},"author":1,"featured_media":0,"parent":0,"menu_order":0,"comment_status":"closed","ping_status":"closed","template":"full_width.php","meta":{"footnotes":""},"class_list":["post-1091","page","type-page","status-publish","hentry"],"yoast_head":"<!-- This site is optimized with the Yoast SEO plugin v23.7 - https:\/\/yoast.com\/wordpress\/plugins\/seo\/ -->\n<title>UniBus \u2013 przew\u00f3z os\u00f3b \u2013 Katowice-Krak\u00f3w oraz Gliwice-Krak\u00f3w<\/title>\n<meta name=\"description\" content=\"Unibus oferuje przew\u00f3z os\u00f3b na trasach Katowice-Krak\u00f3w oraz Gliwice-Krak\u00f3w. Dysponuje jednymi z najnowocze\u015bniejszych autokar\u00f3w w Polsce.\" \/>\n<meta name=\"robots\" content=\"index, follow, max-snippet:-1, max-image-preview:large, max-video-preview:-1\" \/>\n<link rel=\"canonical\" href=\"https:\/\/www.uni-bus.com.pl\/en\/timetable\/\" \/>\n<meta property=\"og:locale\" content=\"en_US\" \/>\n<meta property=\"og:type\" content=\"article\" \/>\n<meta property=\"og:title\" content=\"UniBus \u2013 przew\u00f3z os\u00f3b \u2013 Katowice-Krak\u00f3w oraz Gliwice-Krak\u00f3w\" \/>\n<meta property=\"og:description\" content=\"Unibus oferuje przew\u00f3z os\u00f3b na trasach Katowice-Krak\u00f3w oraz Gliwice-Krak\u00f3w. Dysponuje jednymi z najnowocze\u015bniejszych autokar\u00f3w w Polsce.\" \/>\n<meta property=\"og:url\" content=\"https:\/\/www.uni-bus.com.pl\/en\/timetable\/\" \/>\n<meta property=\"og:site_name\" content=\"Unibus\" \/>\n<meta property=\"article:modified_time\" content=\"2023-05-01T04:11:48+00:00\" \/>\n<meta name=\"twitter:card\" content=\"summary_large_image\" \/>\n<meta name=\"twitter:label1\" content=\"Est. reading time\" \/>\n\t<meta name=\"twitter:data1\" content=\"1 minute\" \/>\n<script type=\"application\/ld+json\" class=\"yoast-schema-graph\">{\"@context\":\"https:\/\/schema.org\",\"@graph\":[{\"@type\":\"WebPage\",\"@id\":\"https:\/\/www.uni-bus.com.pl\/en\/timetable\/\",\"url\":\"https:\/\/www.uni-bus.com.pl\/en\/timetable\/\",\"name\":\"UniBus \u2013 przew\u00f3z os\u00f3b \u2013 Katowice-Krak\u00f3w oraz Gliwice-Krak\u00f3w\",\"isPartOf\":{\"@id\":\"https:\/\/www.uni-bus.com.pl\/#website\"},\"datePublished\":\"2021-06-17T21:41:43+00:00\",\"dateModified\":\"2023-05-01T04:11:48+00:00\",\"description\":\"Unibus oferuje przew\u00f3z os\u00f3b na trasach Katowice-Krak\u00f3w oraz Gliwice-Krak\u00f3w. Dysponuje jednymi z najnowocze\u015bniejszych autokar\u00f3w w Polsce.\",\"breadcrumb\":{\"@id\":\"https:\/\/www.uni-bus.com.pl\/en\/timetable\/#breadcrumb\"},\"inLanguage\":\"en-US\",\"potentialAction\":[{\"@type\":\"ReadAction\",\"target\":[\"https:\/\/www.uni-bus.com.pl\/en\/timetable\/\"]}]},{\"@type\":\"BreadcrumbList\",\"@id\":\"https:\/\/www.uni-bus.com.pl\/en\/timetable\/#breadcrumb\",\"itemListElement\":[{\"@type\":\"ListItem\",\"position\":1,\"name\":\"Strona g\u0142\u00f3wna\",\"item\":\"https:\/\/www.uni-bus.com.pl\/en\/\"},{\"@type\":\"ListItem\",\"position\":2,\"name\":\"Timetable\"}]},{\"@type\":\"WebSite\",\"@id\":\"https:\/\/www.uni-bus.com.pl\/#website\",\"url\":\"https:\/\/www.uni-bus.com.pl\/\",\"name\":\"Unibus\",\"description\":\"Przew\u00f3z os\u00f3b na trasie Katowice-Krak\u00f3w\",\"potentialAction\":[{\"@type\":\"SearchAction\",\"target\":{\"@type\":\"EntryPoint\",\"urlTemplate\":\"https:\/\/www.uni-bus.com.pl\/?s={search_term_string}\"},\"query-input\":{\"@type\":\"PropertyValueSpecification\",\"valueRequired\":true,\"valueName\":\"search_term_string\"}}],\"inLanguage\":\"en-US\"}]}<\/script>\n<!-- \/ Yoast SEO plugin. -->","yoast_head_json":{"title":"UniBus \u2013 przew\u00f3z os\u00f3b \u2013 Katowice-Krak\u00f3w oraz Gliwice-Krak\u00f3w","description":"Unibus oferuje przew\u00f3z os\u00f3b na trasach Katowice-Krak\u00f3w oraz Gliwice-Krak\u00f3w. Dysponuje jednymi z najnowocze\u015bniejszych autokar\u00f3w w Polsce.","robots":{"index":"index","follow":"follow","max-snippet":"max-snippet:-1","max-image-preview":"max-image-preview:large","max-video-preview":"max-video-preview:-1"},"canonical":"https:\/\/www.uni-bus.com.pl\/en\/timetable\/","og_locale":"en_US","og_type":"article","og_title":"UniBus \u2013 przew\u00f3z os\u00f3b \u2013 Katowice-Krak\u00f3w oraz Gliwice-Krak\u00f3w","og_description":"Unibus oferuje przew\u00f3z os\u00f3b na trasach Katowice-Krak\u00f3w oraz Gliwice-Krak\u00f3w. Dysponuje jednymi z najnowocze\u015bniejszych autokar\u00f3w w Polsce.","og_url":"https:\/\/www.uni-bus.com.pl\/en\/timetable\/","og_site_name":"Unibus","article_modified_time":"2023-05-01T04:11:48+00:00","twitter_card":"summary_large_image","twitter_misc":{"Est. reading time":"1 minute"},"schema":{"@context":"https:\/\/schema.org","@graph":[{"@type":"WebPage","@id":"https:\/\/www.uni-bus.com.pl\/en\/timetable\/","url":"https:\/\/www.uni-bus.com.pl\/en\/timetable\/","name":"UniBus \u2013 przew\u00f3z os\u00f3b \u2013 Katowice-Krak\u00f3w oraz Gliwice-Krak\u00f3w","isPartOf":{"@id":"https:\/\/www.uni-bus.com.pl\/#website"},"datePublished":"2021-06-17T21:41:43+00:00","dateModified":"2023-05-01T04:11:48+00:00","description":"Unibus oferuje przew\u00f3z os\u00f3b na trasach Katowice-Krak\u00f3w oraz Gliwice-Krak\u00f3w. Dysponuje jednymi z najnowocze\u015bniejszych autokar\u00f3w w Polsce.","breadcrumb":{"@id":"https:\/\/www.uni-bus.com.pl\/en\/timetable\/#breadcrumb"},"inLanguage":"en-US","potentialAction":[{"@type":"ReadAction","target":["https:\/\/www.uni-bus.com.pl\/en\/timetable\/"]}]},{"@type":"BreadcrumbList","@id":"https:\/\/www.uni-bus.com.pl\/en\/timetable\/#breadcrumb","itemListElement":[{"@type":"ListItem","position":1,"name":"Strona g\u0142\u00f3wna","item":"https:\/\/www.uni-bus.com.pl\/en\/"},{"@type":"ListItem","position":2,"name":"Timetable"}]},{"@type":"WebSite","@id":"https:\/\/www.uni-bus.com.pl\/#website","url":"https:\/\/www.uni-bus.com.pl\/","name":"Unibus","description":"Przew\u00f3z os\u00f3b na trasie Katowice-Krak\u00f3w","potentialAction":[{"@type":"SearchAction","target":{"@type":"EntryPoint","urlTemplate":"https:\/\/www.uni-bus.com.pl\/?s={search_term_string}"},"query-input":{"@type":"PropertyValueSpecification","valueRequired":true,"valueName":"search_term_string"}}],"inLanguage":"en-US"}]}},"_links":{"self":[{"href":"https:\/\/www.uni-bus.com.pl\/en\/wp-json\/wp\/v2\/pages\/1091","targetHints":{"allow":["GET"]}}],"collection":[{"href":"https:\/\/www.uni-bus.com.pl\/en\/wp-json\/wp\/v2\/pages"}],"about":[{"href":"https:\/\/www.uni-bus.com.pl\/en\/wp-json\/wp\/v2\/types\/page"}],"author":[{"embeddable":true,"href":"https:\/\/www.uni-bus.com.pl\/en\/wp-json\/wp\/v2\/users\/1"}],"replies":[{"embeddable":true,"href":"https:\/\/www.uni-bus.com.pl\/en\/wp-json\/wp\/v2\/comments?post=1091"}],"version-history":[{"count":1,"href":"https:\/\/www.uni-bus.com.pl\/en\/wp-json\/wp\/v2\/pages\/1091\/revisions"}],"predecessor-version":[{"id":2820,"href":"https:\/\/www.uni-bus.com.pl\/en\/wp-json\/wp\/v2\/pages\/1091\/revisions\/2820"}],"wp:attachment":[{"href":"https:\/\/www.uni-bus.com.pl\/en\/wp-json\/wp\/v2\/media?parent=1091"}],"curies":[{"name":"wp","href":"https:\/\/api.w.org\/{rel}","templated":true}]}}