{"id":1123,"date":"2021-06-17T23:16:52","date_gmt":"2021-06-17T23:16:52","guid":{"rendered":"https:\/\/www.uni-bus.com.pl\/cennik-krakow-katowice\/"},"modified":"2022-05-23T19:40:35","modified_gmt":"2022-05-23T19:40:35","slug":"cennik-krakow-katowice","status":"publish","type":"page","link":"https:\/\/www.uni-bus.com.pl\/en\/cennik-krakow-katowice\/","title":{"rendered":"Price list: Krak\u00f3w-Katowice"},"content":{"rendered":"<div class=\"wpb-content-wrapper\"><p>[vc_row css_animation=&#8221;&#8221; row_type=&#8221;row&#8221; use_row_as_full_screen_section=&#8221;no&#8221; type=&#8221;grid&#8221; angled_section=&#8221;no&#8221; text_align=&#8221;left&#8221; background_image_as_pattern=&#8221;without_pattern&#8221; css=&#8221;.vc_custom_1620337936086{padding-top: 60px !important;padding-bottom: 60px !important;}&#8221; z_index=&#8221;&#8221;][vc_column css_animation=&#8221;top-to-bottom&#8221; width=&#8221;1\/2&#8243; offset=&#8221;vc_col-lg-6 vc_col-md-6&#8243; css=&#8221;.vc_custom_1595368334380{padding-bottom: 40px !important;}&#8221;]<span data-type=\"normal\" data-hover-icon-color=\"#4ea9db\" class=\"qode_icon_shortcode  q_font_awsome_icon fa-4x pull-center \" style=\" \"><i class=\"qode_icon_font_awesome fa fa-tag qode_icon_element\" style=\"color: #0b4479;\" ><\/i><\/span>[vc_empty_space height=&#8221;30px&#8221;][vc_column_text]<\/p>\n<h2 style=\"text-align: center;\">Single use tickets<\/h2>\n<p>[\/vc_column_text][vc_empty_space height=&#8221;45px&#8221;]<div class=\"qode-accordion-holder clearfix qode-accordion qode-initial \">\n\t<h4 class=\"clearfix qode-title-holder\">\n<span class=\"qode-tab-title\">\n\t    <span class=\"qode-tab-title-inner\">\n        Normal ticket    <\/span>\n<\/span>\n<span class=\"qode-accordion-mark\">\n    <span class=\"qode-accordion-mark-icon\">\n        <span class=\"icon_plus\"><\/span>\n        <span class=\"icon_minus-06\"><\/span>\n    <\/span>\n<\/span>\n<\/h4>\n<div  class=\"qode-accordion-content \" >\n    <div class=\"qode-accordion-content-inner\">\n        [vc_column_text]<strong>Online:<\/strong> 15,00 PLN | <strong>Cashbox:<\/strong> 16,00 PLN | <strong>Driver:<\/strong> 17,00 PLN<br \/>\nNormal ticket.[\/vc_column_text]    <\/div>\n<\/div><h4 class=\"clearfix qode-title-holder\">\n<span class=\"qode-tab-title\">\n\t    <span class=\"qode-tab-title-inner\">\n        Ticket with a trade discount    <\/span>\n<\/span>\n<span class=\"qode-accordion-mark\">\n    <span class=\"qode-accordion-mark-icon\">\n        <span class=\"icon_plus\"><\/span>\n        <span class=\"icon_minus-06\"><\/span>\n    <\/span>\n<\/span>\n<\/h4>\n<div  class=\"qode-accordion-content \" >\n    <div class=\"qode-accordion-content-inner\">\n        [vc_column_text]<strong>Online:<\/strong> 10,00 PLN | <strong>Cashbox:<\/strong> 13,00 PLN | <strong>Driver:<\/strong> 15,00 PLN<br \/>\nPupils, students on the basis of a valid ID until the age of 26\u00a0years of age, children up to 4 years old &#8211; free of charge (without their own place).<span class=\"Apple-converted-space\">\u00a0<\/span>[\/vc_column_text]    <\/div>\n<\/div><h4 class=\"clearfix qode-title-holder\">\n<span class=\"qode-tab-title\">\n\t    <span class=\"qode-tab-title-inner\">\n        Reduced 33%    <\/span>\n<\/span>\n<span class=\"qode-accordion-mark\">\n    <span class=\"qode-accordion-mark-icon\">\n        <span class=\"icon_plus\"><\/span>\n        <span class=\"icon_minus-06\"><\/span>\n    <\/span>\n<\/span>\n<\/h4>\n<div  class=\"qode-accordion-content \" >\n    <div class=\"qode-accordion-content-inner\">\n        [vc_column_text]<strong>Online:<\/strong> 10,05 PLN | <strong>Cashbox:<\/strong> 10,72 PLN | <strong>Driver:<\/strong> 11,39 PLN<br \/>\nHonorary blood donor who has donated at least 3 blood donations. Ingredients, including plasma after COVID-19 disease &#8211; in case of announcement state of epidemic threat or epidemic. Based on the issued\u00a0certificates.<span class=\"Apple-converted-space\">\u00a0<\/span>[\/vc_column_text]    <\/div>\n<\/div><h4 class=\"clearfix qode-title-holder\">\n<span class=\"qode-tab-title\">\n\t    <span class=\"qode-tab-title-inner\">\n        Reduced 37%    <\/span>\n<\/span>\n<span class=\"qode-accordion-mark\">\n    <span class=\"qode-accordion-mark-icon\">\n        <span class=\"icon_plus\"><\/span>\n        <span class=\"icon_minus-06\"><\/span>\n    <\/span>\n<\/span>\n<\/h4>\n<div  class=\"qode-accordion-content \" >\n    <div class=\"qode-accordion-content-inner\">\n        [vc_column_text]<strong>Online:<\/strong>\u00a09,45 PLN | <strong>Cashbox:<\/strong> 10,08 PLN | <strong>Driver:<\/strong> 10,71 PLN<br \/>\nChild over 4 years of age, People with a significant degree<span class=\"Apple-converted-space\">\u00a0<\/span>disability or disability in group I or unable to independently<span class=\"Apple-converted-space\">\u00a0<\/span>existence, Blind people with a moderate degree of disability<span class=\"Apple-converted-space\">\u00a0<\/span>or II group of disabilities, War Invalid, Veteran of warfare<span class=\"Apple-converted-space\">\u00a0<\/span>outside the country.<span class=\"Apple-converted-space\">\u00a0<\/span>[\/vc_column_text]    <\/div>\n<\/div><h4 class=\"clearfix qode-title-holder\">\n<span class=\"qode-tab-title\">\n\t    <span class=\"qode-tab-title-inner\">\n        Discount 51%    <\/span>\n<\/span>\n<span class=\"qode-accordion-mark\">\n    <span class=\"qode-accordion-mark-icon\">\n        <span class=\"icon_plus\"><\/span>\n        <span class=\"icon_minus-06\"><\/span>\n    <\/span>\n<\/span>\n<\/h4>\n<div  class=\"qode-accordion-content \" >\n    <div class=\"qode-accordion-content-inner\">\n        [vc_column_text]<strong>Online:<\/strong>\u00a07,35 PLN | <strong>Cashbox:<\/strong>\u00a07,84 PLN | <strong>Driver:<\/strong>\u00a08,33 PLN<br \/>\nBlind people with a significant degree of disability or group I<span class=\"Apple-converted-space\">\u00a0<\/span>disabled or incapable of independent existence, Kombatant.<span class=\"Apple-converted-space\">\u00a0<\/span>[\/vc_column_text]    <\/div>\n<\/div><h4 class=\"clearfix qode-title-holder\">\n<span class=\"qode-tab-title\">\n\t    <span class=\"qode-tab-title-inner\">\n        Reduced 78%    <\/span>\n<\/span>\n<span class=\"qode-accordion-mark\">\n    <span class=\"qode-accordion-mark-icon\">\n        <span class=\"icon_plus\"><\/span>\n        <span class=\"icon_minus-06\"><\/span>\n    <\/span>\n<\/span>\n<\/h4>\n<div  class=\"qode-accordion-content \" >\n    <div class=\"qode-accordion-content-inner\">\n        [vc_column_text]<strong>Online:<\/strong>\u00a03,30 PLN | <strong>Cashbox:<\/strong>\u00a03,52 PLN | <strong>Driver:<\/strong>\u00a03,74 PLN<br \/>\nBorder guard &#8211; service, Customs and tax officer &#8211; service,<span class=\"Apple-converted-space\">\u00a0<\/span>policeman &#8211; service, soldier of military police &#8211; service, soldier<span class=\"Apple-converted-space\">\u00a0<\/span>non-professional and people on military service in an equivalent form, Children up to 4 years of age (with a seat) Disabled children<span class=\"Apple-converted-space\">\u00a0<\/span>(up to 24 years of age), Disabled student (up to 26 years of age), Guardian<span class=\"Apple-converted-space\">\u00a0<\/span>a disabled child, Civilian blind victim of hostilities,<span class=\"Apple-converted-space\">\u00a0<\/span>A war-disabled person of the 1st group or a repressed person.<span class=\"Apple-converted-space\">\u00a0<\/span>[\/vc_column_text]    <\/div>\n<\/div><h4 class=\"clearfix qode-title-holder\">\n<span class=\"qode-tab-title\">\n\t    <span class=\"qode-tab-title-inner\">\n        Reduced 95%    <\/span>\n<\/span>\n<span class=\"qode-accordion-mark\">\n    <span class=\"qode-accordion-mark-icon\">\n        <span class=\"icon_plus\"><\/span>\n        <span class=\"icon_minus-06\"><\/span>\n    <\/span>\n<\/span>\n<\/h4>\n<div  class=\"qode-accordion-content \" >\n    <div class=\"qode-accordion-content-inner\">\n        [vc_column_text]<strong>Online:<\/strong>\u00a00,75 PLN | <strong>Cashbox:<\/strong>\u00a00,80 PLN | <strong>Driver:<\/strong>\u00a00,85 PLN<br \/>\nGuardian of a person incapable of independent existence, Guide of people<span class=\"Apple-converted-space\">\u00a0<\/span>the blind, Guardian of the 1st group war invalidity.<span class=\"Apple-converted-space\">\u00a0<\/span>[\/vc_column_text]    <\/div>\n<\/div><h4 class=\"clearfix qode-title-holder\">\n<span class=\"qode-tab-title\">\n\t    <span class=\"qode-tab-title-inner\">\n        Discounted 100% - FREE OF CHARGE    <\/span>\n<\/span>\n<span class=\"qode-accordion-mark\">\n    <span class=\"qode-accordion-mark-icon\">\n        <span class=\"icon_plus\"><\/span>\n        <span class=\"icon_minus-06\"><\/span>\n    <\/span>\n<\/span>\n<\/h4>\n<div  class=\"qode-accordion-content \" >\n    <div class=\"qode-accordion-content-inner\">\n        [vc_column_text]Border guards (protection of communication routes), Children up to 4 years of age<span class=\"Apple-converted-space\">\u00a0<\/span>life (without a seat).<span class=\"Apple-converted-space\">\u00a0<\/span>[\/vc_column_text]    <\/div>\n<\/div><\/div>[\/vc_column][vc_column css_animation=&#8221;top-to-bottom&#8221; width=&#8221;1\/2&#8243; offset=&#8221;vc_col-lg-6 vc_col-md-6&#8243;]<span data-type=\"normal\" data-hover-icon-color=\"#4ea9db\" class=\"qode_icon_shortcode  q_font_awsome_icon fa-4x pull-center \" style=\" \"><i class=\"qode_icon_font_awesome fa fa-tag qode_icon_element\" style=\"color: #0b4479;\" ><\/i><\/span>[vc_empty_space height=&#8221;30px&#8221;][vc_column_text]<\/p>\n<h2 style=\"text-align: center;\">Season tickets<\/h2>\n<p>[\/vc_column_text][vc_empty_space height=&#8221;45px&#8221;]<div class=\"qode-accordion-holder clearfix qode-accordion qode-initial \">\n\t<h4 class=\"clearfix qode-title-holder\">\n<span class=\"qode-tab-title\">\n\t    <span class=\"qode-tab-title-inner\">\n        THERE and normal RETURN    <\/span>\n<\/span>\n<span class=\"qode-accordion-mark\">\n    <span class=\"qode-accordion-mark-icon\">\n        <span class=\"icon_plus\"><\/span>\n        <span class=\"icon_minus-06\"><\/span>\n    <\/span>\n<\/span>\n<\/h4>\n<div  class=\"qode-accordion-content \" >\n    <div class=\"qode-accordion-content-inner\">\n        [vc_column_text]<strong>Online:<\/strong>\u00a028,00 PLN | <strong>Cashbox:<\/strong>\u00a030,00 PLN | <strong>Driver:<\/strong> not available<br \/>\nIt entitles you to two journeys: THERE and BACK, on a specific route.\u00a0No ticket sale from the driver.[\/vc_column_text]    <\/div>\n<\/div><h4 class=\"clearfix qode-title-holder\">\n<span class=\"qode-tab-title\">\n\t    <span class=\"qode-tab-title-inner\">\n        THERE and BACK commercial relief    <\/span>\n<\/span>\n<span class=\"qode-accordion-mark\">\n    <span class=\"qode-accordion-mark-icon\">\n        <span class=\"icon_plus\"><\/span>\n        <span class=\"icon_minus-06\"><\/span>\n    <\/span>\n<\/span>\n<\/h4>\n<div  class=\"qode-accordion-content \" >\n    <div class=\"qode-accordion-content-inner\">\n        [vc_column_text]<strong>Online:<\/strong>\u00a018,00 PLN | <strong>Cashbox:<\/strong>\u00a024,00 PLN | <strong>Driver:<\/strong> not available<br \/>\nIt entitles you to two journeys: THERE and BACK, on a specific route,<span class=\"Apple-converted-space\">\u00a0<\/span>pupils, students on the basis of a valid ID until the age of 26<span class=\"Apple-converted-space\">\u00a0<\/span>age. No ticket sale from the driver.<span class=\"Apple-converted-space\">\u00a0<\/span>[\/vc_column_text]    <\/div>\n<\/div><h4 class=\"clearfix qode-title-holder\">\n<span class=\"qode-tab-title\">\n\t    <span class=\"qode-tab-title-inner\">\n        Monthly normal    <\/span>\n<\/span>\n<span class=\"qode-accordion-mark\">\n    <span class=\"qode-accordion-mark-icon\">\n        <span class=\"icon_plus\"><\/span>\n        <span class=\"icon_minus-06\"><\/span>\n    <\/span>\n<\/span>\n<\/h4>\n<div  class=\"qode-accordion-content \" >\n    <div class=\"qode-accordion-content-inner\">\n        [vc_column_text]<strong>Online:<\/strong>\u00a0not available | <strong>Cashbox:<\/strong>\u00a0480,00 PLN | <strong>Driver:<\/strong> not available<br \/>\nMonthly, normal ticket.<span class=\"Apple-converted-space\">\u00a0<\/span>[\/vc_column_text]    <\/div>\n<\/div><h4 class=\"clearfix qode-title-holder\">\n<span class=\"qode-tab-title\">\n\t    <span class=\"qode-tab-title-inner\">\n        Monthly 37%    <\/span>\n<\/span>\n<span class=\"qode-accordion-mark\">\n    <span class=\"qode-accordion-mark-icon\">\n        <span class=\"icon_plus\"><\/span>\n        <span class=\"icon_minus-06\"><\/span>\n    <\/span>\n<\/span>\n<\/h4>\n<div  class=\"qode-accordion-content \" >\n    <div class=\"qode-accordion-content-inner\">\n        [vc_column_text]<strong>Online:<\/strong> not available | <strong>Cashbox:<\/strong>\u00a0226,80 PLN | <strong>Driver:<\/strong> not available<br \/>\nBlind people with moderate disability or group II\u00a0disabled.<span class=\"Apple-converted-space\">\u00a0<\/span>[\/vc_column_text]    <\/div>\n<\/div><h4 class=\"clearfix qode-title-holder\">\n<span class=\"qode-tab-title\">\n\t    <span class=\"qode-tab-title-inner\">\n        Monthly 49%    <\/span>\n<\/span>\n<span class=\"qode-accordion-mark\">\n    <span class=\"qode-accordion-mark-icon\">\n        <span class=\"icon_plus\"><\/span>\n        <span class=\"icon_minus-06\"><\/span>\n    <\/span>\n<\/span>\n<\/h4>\n<div  class=\"qode-accordion-content \" >\n    <div class=\"qode-accordion-content-inner\">\n        [vc_column_text]<strong>Online:<\/strong> not available | <strong>Cashbox:<\/strong>\u00a0183,60 PLN | <strong>Driver:<\/strong> not available<br \/>\nStudents (up to 24 years old), Children (Kindergarten)<span class=\"Apple-converted-space\">\u00a0<\/span>[\/vc_column_text]    <\/div>\n<\/div><h4 class=\"clearfix qode-title-holder\">\n<span class=\"qode-tab-title\">\n\t    <span class=\"qode-tab-title-inner\">\n        Monthly 51%    <\/span>\n<\/span>\n<span class=\"qode-accordion-mark\">\n    <span class=\"qode-accordion-mark-icon\">\n        <span class=\"icon_plus\"><\/span>\n        <span class=\"icon_minus-06\"><\/span>\n    <\/span>\n<\/span>\n<\/h4>\n<div  class=\"qode-accordion-content \" >\n    <div class=\"qode-accordion-content-inner\">\n        [vc_column_text]<strong>Online:<\/strong> not available | <strong>Cashbox:<\/strong>\u00a0176,40 PLN | <strong>Driver:<\/strong> not available<br \/>\nStudent (up to 26 years of age), PhD student (up to 35 years of age), Individuals<span class=\"Apple-converted-space\">\u00a0<\/span>blind with a significant degree of disability or disability group I<span class=\"Apple-converted-space\">\u00a0<\/span>or unable to exist independently.<span class=\"Apple-converted-space\">\u00a0<\/span>[\/vc_column_text]    <\/div>\n<\/div><h4 class=\"clearfix qode-title-holder\">\n<span class=\"qode-tab-title\">\n\t    <span class=\"qode-tab-title-inner\">\n        Monthly 78%    <\/span>\n<\/span>\n<span class=\"qode-accordion-mark\">\n    <span class=\"qode-accordion-mark-icon\">\n        <span class=\"icon_plus\"><\/span>\n        <span class=\"icon_minus-06\"><\/span>\n    <\/span>\n<\/span>\n<\/h4>\n<div  class=\"qode-accordion-content \" >\n    <div class=\"qode-accordion-content-inner\">\n        [vc_column_text]<strong>Online:<\/strong> not available | <strong>Cashbox:<\/strong>\u00a079,20 PLN | <strong>Driver:<\/strong> not available<br \/>\nDisabled children (up to 24 years of age), Disabled student (up to<span class=\"Apple-converted-space\">\u00a0<\/span>Age 26).<span class=\"Apple-converted-space\">\u00a0<\/span>[\/vc_column_text]    <\/div>\n<\/div><\/div>[\/vc_column][\/vc_row]<\/p>\n<\/div>","protected":false},"excerpt":{"rendered":"<p>[vc_row css_animation=&#8221;&#8221; row_type=&#8221;row&#8221; use_row_as_full_screen_section=&#8221;no&#8221; type=&#8221;grid&#8221; angled_section=&#8221;no&#8221; text_align=&#8221;left&#8221; background_image_as_pattern=&#8221;without_pattern&#8221; css=&#8221;.vc_custom_1620337936086{padding-top: 60px !important;padding-bottom: 60px !important;}&#8221; z_index=&#8221;&#8221;][vc_column css_animation=&#8221;top-to-bottom&#8221; width=&#8221;1\/2&#8243; offset=&#8221;vc_col-lg-6 vc_col-md-6&#8243; css=&#8221;.vc_custom_1595368334380{padding-bottom: 40px !important;}&#8221;][vc_empty_space height=&#8221;30px&#8221;][vc_column_text] Single use tickets [\/vc_column_text][vc_empty_space height=&#8221;45px&#8221;][\/vc_column][vc_column css_animation=&#8221;top-to-bottom&#8221; width=&#8221;1\/2&#8243; offset=&#8221;vc_col-lg-6 vc_col-md-6&#8243;][vc_empty_space height=&#8221;30px&#8221;][vc_column_text] Season tickets [\/vc_column_text][vc_empty_space height=&#8221;45px&#8221;][\/vc_column][\/vc_row]<\/p>\n","protected":false},"author":1,"featured_media":0,"parent":0,"menu_order":0,"comment_status":"closed","ping_status":"closed","template":"full_width.php","meta":{"footnotes":""},"class_list":["post-1123","page","type-page","status-publish","hentry"],"yoast_head":"<!-- This site is optimized with the Yoast SEO plugin v23.7 - https:\/\/yoast.com\/wordpress\/plugins\/seo\/ -->\n<title>UniBus \u2013 przew\u00f3z os\u00f3b \u2013 Katowice-Krak\u00f3w oraz Gliwice-Krak\u00f3w<\/title>\n<meta name=\"description\" content=\"Unibus oferuje przew\u00f3z os\u00f3b na trasach Katowice-Krak\u00f3w oraz Gliwice-Krak\u00f3w. Dysponuje jednymi z najnowocze\u015bniejszych autokar\u00f3w w Polsce.\" \/>\n<meta name=\"robots\" content=\"index, follow, max-snippet:-1, max-image-preview:large, max-video-preview:-1\" \/>\n<link rel=\"canonical\" href=\"https:\/\/www.uni-bus.com.pl\/en\/cennik-krakow-katowice\/\" \/>\n<meta property=\"og:locale\" content=\"en_US\" \/>\n<meta property=\"og:type\" content=\"article\" \/>\n<meta property=\"og:title\" content=\"UniBus \u2013 przew\u00f3z os\u00f3b \u2013 Katowice-Krak\u00f3w oraz Gliwice-Krak\u00f3w\" \/>\n<meta property=\"og:description\" content=\"Unibus oferuje przew\u00f3z os\u00f3b na trasach Katowice-Krak\u00f3w oraz Gliwice-Krak\u00f3w. Dysponuje jednymi z najnowocze\u015bniejszych autokar\u00f3w w Polsce.\" \/>\n<meta property=\"og:url\" content=\"https:\/\/www.uni-bus.com.pl\/en\/cennik-krakow-katowice\/\" \/>\n<meta property=\"og:site_name\" content=\"Unibus\" \/>\n<meta property=\"article:modified_time\" content=\"2022-05-23T19:40:35+00:00\" \/>\n<meta name=\"twitter:card\" content=\"summary_large_image\" \/>\n<meta name=\"twitter:label1\" content=\"Est. reading time\" \/>\n\t<meta name=\"twitter:data1\" content=\"4 minutes\" \/>\n<script type=\"application\/ld+json\" class=\"yoast-schema-graph\">{\"@context\":\"https:\/\/schema.org\",\"@graph\":[{\"@type\":\"WebPage\",\"@id\":\"https:\/\/www.uni-bus.com.pl\/en\/cennik-krakow-katowice\/\",\"url\":\"https:\/\/www.uni-bus.com.pl\/en\/cennik-krakow-katowice\/\",\"name\":\"UniBus \u2013 przew\u00f3z os\u00f3b \u2013 Katowice-Krak\u00f3w oraz Gliwice-Krak\u00f3w\",\"isPartOf\":{\"@id\":\"https:\/\/www.uni-bus.com.pl\/#website\"},\"datePublished\":\"2021-06-17T23:16:52+00:00\",\"dateModified\":\"2022-05-23T19:40:35+00:00\",\"description\":\"Unibus oferuje przew\u00f3z os\u00f3b na trasach Katowice-Krak\u00f3w oraz Gliwice-Krak\u00f3w. Dysponuje jednymi z najnowocze\u015bniejszych autokar\u00f3w w Polsce.\",\"breadcrumb\":{\"@id\":\"https:\/\/www.uni-bus.com.pl\/en\/cennik-krakow-katowice\/#breadcrumb\"},\"inLanguage\":\"en-US\",\"potentialAction\":[{\"@type\":\"ReadAction\",\"target\":[\"https:\/\/www.uni-bus.com.pl\/en\/cennik-krakow-katowice\/\"]}]},{\"@type\":\"BreadcrumbList\",\"@id\":\"https:\/\/www.uni-bus.com.pl\/en\/cennik-krakow-katowice\/#breadcrumb\",\"itemListElement\":[{\"@type\":\"ListItem\",\"position\":1,\"name\":\"Strona g\u0142\u00f3wna\",\"item\":\"https:\/\/www.uni-bus.com.pl\/en\/\"},{\"@type\":\"ListItem\",\"position\":2,\"name\":\"Price list: Krak\u00f3w-Katowice\"}]},{\"@type\":\"WebSite\",\"@id\":\"https:\/\/www.uni-bus.com.pl\/#website\",\"url\":\"https:\/\/www.uni-bus.com.pl\/\",\"name\":\"Unibus\",\"description\":\"Przew\u00f3z os\u00f3b na trasie Katowice-Krak\u00f3w\",\"potentialAction\":[{\"@type\":\"SearchAction\",\"target\":{\"@type\":\"EntryPoint\",\"urlTemplate\":\"https:\/\/www.uni-bus.com.pl\/?s={search_term_string}\"},\"query-input\":{\"@type\":\"PropertyValueSpecification\",\"valueRequired\":true,\"valueName\":\"search_term_string\"}}],\"inLanguage\":\"en-US\"}]}<\/script>\n<!-- \/ Yoast SEO plugin. -->","yoast_head_json":{"title":"UniBus \u2013 przew\u00f3z os\u00f3b \u2013 Katowice-Krak\u00f3w oraz Gliwice-Krak\u00f3w","description":"Unibus oferuje przew\u00f3z os\u00f3b na trasach Katowice-Krak\u00f3w oraz Gliwice-Krak\u00f3w. Dysponuje jednymi z najnowocze\u015bniejszych autokar\u00f3w w Polsce.","robots":{"index":"index","follow":"follow","max-snippet":"max-snippet:-1","max-image-preview":"max-image-preview:large","max-video-preview":"max-video-preview:-1"},"canonical":"https:\/\/www.uni-bus.com.pl\/en\/cennik-krakow-katowice\/","og_locale":"en_US","og_type":"article","og_title":"UniBus \u2013 przew\u00f3z os\u00f3b \u2013 Katowice-Krak\u00f3w oraz Gliwice-Krak\u00f3w","og_description":"Unibus oferuje przew\u00f3z os\u00f3b na trasach Katowice-Krak\u00f3w oraz Gliwice-Krak\u00f3w. Dysponuje jednymi z najnowocze\u015bniejszych autokar\u00f3w w Polsce.","og_url":"https:\/\/www.uni-bus.com.pl\/en\/cennik-krakow-katowice\/","og_site_name":"Unibus","article_modified_time":"2022-05-23T19:40:35+00:00","twitter_card":"summary_large_image","twitter_misc":{"Est. reading time":"4 minutes"},"schema":{"@context":"https:\/\/schema.org","@graph":[{"@type":"WebPage","@id":"https:\/\/www.uni-bus.com.pl\/en\/cennik-krakow-katowice\/","url":"https:\/\/www.uni-bus.com.pl\/en\/cennik-krakow-katowice\/","name":"UniBus \u2013 przew\u00f3z os\u00f3b \u2013 Katowice-Krak\u00f3w oraz Gliwice-Krak\u00f3w","isPartOf":{"@id":"https:\/\/www.uni-bus.com.pl\/#website"},"datePublished":"2021-06-17T23:16:52+00:00","dateModified":"2022-05-23T19:40:35+00:00","description":"Unibus oferuje przew\u00f3z os\u00f3b na trasach Katowice-Krak\u00f3w oraz Gliwice-Krak\u00f3w. Dysponuje jednymi z najnowocze\u015bniejszych autokar\u00f3w w Polsce.","breadcrumb":{"@id":"https:\/\/www.uni-bus.com.pl\/en\/cennik-krakow-katowice\/#breadcrumb"},"inLanguage":"en-US","potentialAction":[{"@type":"ReadAction","target":["https:\/\/www.uni-bus.com.pl\/en\/cennik-krakow-katowice\/"]}]},{"@type":"BreadcrumbList","@id":"https:\/\/www.uni-bus.com.pl\/en\/cennik-krakow-katowice\/#breadcrumb","itemListElement":[{"@type":"ListItem","position":1,"name":"Strona g\u0142\u00f3wna","item":"https:\/\/www.uni-bus.com.pl\/en\/"},{"@type":"ListItem","position":2,"name":"Price list: Krak\u00f3w-Katowice"}]},{"@type":"WebSite","@id":"https:\/\/www.uni-bus.com.pl\/#website","url":"https:\/\/www.uni-bus.com.pl\/","name":"Unibus","description":"Przew\u00f3z os\u00f3b na trasie Katowice-Krak\u00f3w","potentialAction":[{"@type":"SearchAction","target":{"@type":"EntryPoint","urlTemplate":"https:\/\/www.uni-bus.com.pl\/?s={search_term_string}"},"query-input":{"@type":"PropertyValueSpecification","valueRequired":true,"valueName":"search_term_string"}}],"inLanguage":"en-US"}]}},"_links":{"self":[{"href":"https:\/\/www.uni-bus.com.pl\/en\/wp-json\/wp\/v2\/pages\/1123","targetHints":{"allow":["GET"]}}],"collection":[{"href":"https:\/\/www.uni-bus.com.pl\/en\/wp-json\/wp\/v2\/pages"}],"about":[{"href":"https:\/\/www.uni-bus.com.pl\/en\/wp-json\/wp\/v2\/types\/page"}],"author":[{"embeddable":true,"href":"https:\/\/www.uni-bus.com.pl\/en\/wp-json\/wp\/v2\/users\/1"}],"replies":[{"embeddable":true,"href":"https:\/\/www.uni-bus.com.pl\/en\/wp-json\/wp\/v2\/comments?post=1123"}],"version-history":[{"count":0,"href":"https:\/\/www.uni-bus.com.pl\/en\/wp-json\/wp\/v2\/pages\/1123\/revisions"}],"wp:attachment":[{"href":"https:\/\/www.uni-bus.com.pl\/en\/wp-json\/wp\/v2\/media?parent=1123"}],"curies":[{"name":"wp","href":"https:\/\/api.w.org\/{rel}","templated":true}]}}